{"id":1754,"date":"2026-04-09T14:09:14","date_gmt":"2026-04-09T14:09:14","guid":{"rendered":"https:\/\/polyfex.de\/?page_id=1754"},"modified":"2026-04-18T20:06:42","modified_gmt":"2026-04-18T20:06:42","slug":"startseite","status":"publish","type":"page","link":"https:\/\/polyfex.de\/en\/","title":{"rendered":"Homepage"},"content":{"rendered":"<div data-elementor-type=\"wp-page\" data-elementor-id=\"1754\" class=\"elementor elementor-1754\">\n\t\t\t\t<div class=\"elementor-element elementor-element-84858db e-grid elementor-hidden-desktop elementor-hidden-tablet e-con-boxed e-con e-parent\" data-id=\"84858db\" data-element_type=\"container\" data-e-type=\"container\">\n\t\t\t\t\t<div class=\"e-con-inner\">\n\t\t\t\t<div class=\"elementor-element elementor-element-92ce300 elementor-arrows-position-inside elementor-pagination-position-outside elementor-widget elementor-widget-image-carousel\" data-id=\"92ce300\" data-element_type=\"widget\" data-e-type=\"widget\" data-settings=\"{&quot;navigation&quot;:&quot;both&quot;,&quot;autoplay&quot;:&quot;yes&quot;,&quot;pause_on_hover&quot;:&quot;yes&quot;,&quot;pause_on_interaction&quot;:&quot;yes&quot;,&quot;autoplay_speed&quot;:5000,&quot;infinite&quot;:&quot;yes&quot;,&quot;speed&quot;:500}\" data-widget_type=\"image-carousel.default\">\n\t\t\t\t<div class=\"elementor-widget-container\">\n\t\t\t\t\t\t\t<div class=\"elementor-image-carousel-wrapper swiper\" role=\"region\" aria-roledescription=\"carousel\" aria-label=\"Bild Karussell\" dir=\"ltr\">\n\t\t\t<div class=\"elementor-image-carousel swiper-wrapper\" aria-live=\"off\">\n\t\t\t\t\t\t\t\t<div class=\"swiper-slide\" role=\"group\" aria-roledescription=\"slide\" aria-label=\"1 of 3\" data-no-translation-aria-label=\"\"><figure class=\"swiper-slide-inner\"><img decoding=\"async\" class=\"swiper-slide-image\" src=\"https:\/\/polyfex.de\/wp-content\/uploads\/2026\/04\/polyfex2000_BeschreibungBild.png\" alt=\"polyfex2000 beschreibungbild.png\" title=\"Homepage\"><figcaption class=\"elementor-image-carousel-caption\">POLYFEX 2000<\/figcaption><\/figure><\/div><div class=\"swiper-slide\" role=\"group\" aria-roledescription=\"slide\" aria-label=\"2 of 3\" data-no-translation-aria-label=\"\"><figure class=\"swiper-slide-inner\"><img decoding=\"async\" class=\"swiper-slide-image\" src=\"https:\/\/polyfex.de\/wp-content\/uploads\/2026\/04\/polyfex3000_beschreibung_bild-scaled-1.png\" alt=\"polyfex3000 beschreibung bild scaled.png\" title=\"Homepage\"><figcaption class=\"elementor-image-carousel-caption\">POLYFEX 3000<\/figcaption><\/figure><\/div><div class=\"swiper-slide\" role=\"group\" aria-roledescription=\"slide\" aria-label=\"3 of 3\" data-no-translation-aria-label=\"\"><figure class=\"swiper-slide-inner\"><img decoding=\"async\" class=\"swiper-slide-image\" src=\"https:\/\/polyfex.de\/wp-content\/uploads\/2026\/04\/polyfex5000_Beschreibung_Bild.png\" alt=\"polyfex5000 beschreibung bild.png\" title=\"Homepage\"><figcaption class=\"elementor-image-carousel-caption\">POLYFEX 5000<\/figcaption><\/figure><\/div>\t\t\t<\/div>\n\t\t\t\t\t\t\t\t\t\t\t\t<div class=\"elementor-swiper-button elementor-swiper-button-prev\" role=\"button\" tabindex=\"0\">\n\t\t\t\t\t\t<i aria-hidden=\"true\" class=\"eicon-chevron-left\"><\/i>\t\t\t\t\t<\/div>\n\t\t\t\t\t<div class=\"elementor-swiper-button elementor-swiper-button-next\" role=\"button\" tabindex=\"0\">\n\t\t\t\t\t\t<i aria-hidden=\"true\" class=\"eicon-chevron-right\"><\/i>\t\t\t\t\t<\/div>\n\t\t\t\t\n\t\t\t\t\t\t\t\t\t<div class=\"swiper-pagination\"><\/div>\n\t\t\t\t\t\t\t\t\t<\/div>\n\t\t\t\t\t\t<\/div>\n\t\t\t\t<\/div>\n\t\t\t\t\t<\/div>\n\t\t\t\t<\/div>\n\t\t<div class=\"elementor-element elementor-element-d09ba68 e-grid elementor-hidden-mobile e-con-boxed e-con e-parent\" data-id=\"d09ba68\" data-element_type=\"container\" data-e-type=\"container\">\n\t\t\t\t\t<div class=\"e-con-inner\">\n\t\t\t\t<div class=\"elementor-element elementor-element-ac87da1 elementor-position-top elementor-widget elementor-widget-image-box\" data-id=\"ac87da1\" data-element_type=\"widget\" data-e-type=\"widget\" data-widget_type=\"image-box.default\">\n\t\t\t\t<div class=\"elementor-widget-container\">\n\t\t\t\t\t<div class=\"elementor-image-box-wrapper\"><figure class=\"elementor-image-box-img\"><a href=\"https:\/\/polyfex.de\/en\/polyfex-2000\/\" tabindex=\"-1\"><img fetchpriority=\"high\" decoding=\"async\" width=\"1024\" height=\"726\" src=\"https:\/\/polyfex.de\/wp-content\/uploads\/2026\/04\/polyfex2000_BeschreibungBild.png\" class=\"elementor-animation-grow attachment-full size-full wp-image-1714\" alt=\"polyfex2000 beschreibungbild.png\" title=\"Homepage\" srcset=\"https:\/\/polyfex.de\/wp-content\/uploads\/2026\/04\/polyfex2000_BeschreibungBild.png 1024w, https:\/\/polyfex.de\/wp-content\/uploads\/2026\/04\/polyfex2000_BeschreibungBild-300x213.png 300w, https:\/\/polyfex.de\/wp-content\/uploads\/2026\/04\/polyfex2000_BeschreibungBild-768x545.png 768w\" sizes=\"(max-width: 1024px) 100vw, 1024px\" \/><\/a><\/figure><div class=\"elementor-image-box-content\"><h3 class=\"elementor-image-box-title\"><a href=\"https:\/\/polyfex.de\/en\/polyfex-2000\/\">POLYFEX 2000<\/a><\/h3><\/div><\/div>\t\t\t\t<\/div>\n\t\t\t\t<\/div>\n\t\t\t\t<div class=\"elementor-element elementor-element-25abefa elementor-position-top elementor-widget elementor-widget-image-box\" data-id=\"25abefa\" data-element_type=\"widget\" data-e-type=\"widget\" data-widget_type=\"image-box.default\">\n\t\t\t\t<div class=\"elementor-widget-container\">\n\t\t\t\t\t<div class=\"elementor-image-box-wrapper\"><figure class=\"elementor-image-box-img\"><a href=\"https:\/\/polyfex.de\/en\/polyfex-3000\/\" tabindex=\"-1\"><img decoding=\"async\" width=\"2560\" height=\"1810\" src=\"https:\/\/polyfex.de\/wp-content\/uploads\/2026\/04\/polyfex3000_beschreibung_bild-scaled-1.png\" class=\"elementor-animation-grow attachment-full size-full wp-image-1715\" alt=\"polyfex3000 beschreibung bild scaled.png\" title=\"Homepage\" srcset=\"https:\/\/polyfex.de\/wp-content\/uploads\/2026\/04\/polyfex3000_beschreibung_bild-scaled-1.png 2560w, https:\/\/polyfex.de\/wp-content\/uploads\/2026\/04\/polyfex3000_beschreibung_bild-scaled-1-300x212.png 300w, https:\/\/polyfex.de\/wp-content\/uploads\/2026\/04\/polyfex3000_beschreibung_bild-scaled-1-1024x724.png 1024w, https:\/\/polyfex.de\/wp-content\/uploads\/2026\/04\/polyfex3000_beschreibung_bild-scaled-1-768x543.png 768w, https:\/\/polyfex.de\/wp-content\/uploads\/2026\/04\/polyfex3000_beschreibung_bild-scaled-1-1536x1086.png 1536w, https:\/\/polyfex.de\/wp-content\/uploads\/2026\/04\/polyfex3000_beschreibung_bild-scaled-1-2048x1448.png 2048w\" sizes=\"(max-width: 2560px) 100vw, 2560px\" \/><\/a><\/figure><div class=\"elementor-image-box-content\"><h3 class=\"elementor-image-box-title\"><a href=\"https:\/\/polyfex.de\/en\/polyfex-3000\/\">POLYFEX 3000<\/a><\/h3><\/div><\/div>\t\t\t\t<\/div>\n\t\t\t\t<\/div>\n\t\t\t\t<div class=\"elementor-element elementor-element-514a88a elementor-position-top elementor-widget elementor-widget-image-box\" data-id=\"514a88a\" data-element_type=\"widget\" data-e-type=\"widget\" data-widget_type=\"image-box.default\">\n\t\t\t\t<div class=\"elementor-widget-container\">\n\t\t\t\t\t<div class=\"elementor-image-box-wrapper\"><figure class=\"elementor-image-box-img\"><a href=\"https:\/\/polyfex.de\/en\/polyfex-5000\/\" tabindex=\"-1\"><img decoding=\"async\" width=\"1024\" height=\"726\" src=\"https:\/\/polyfex.de\/wp-content\/uploads\/2026\/04\/polyfex5000_Beschreibung_Bild.png\" class=\"elementor-animation-grow attachment-full size-full wp-image-1716\" alt=\"polyfex5000 beschreibung bild.png\" title=\"Homepage\" srcset=\"https:\/\/polyfex.de\/wp-content\/uploads\/2026\/04\/polyfex5000_Beschreibung_Bild.png 1024w, https:\/\/polyfex.de\/wp-content\/uploads\/2026\/04\/polyfex5000_Beschreibung_Bild-300x213.png 300w, https:\/\/polyfex.de\/wp-content\/uploads\/2026\/04\/polyfex5000_Beschreibung_Bild-768x545.png 768w\" sizes=\"(max-width: 1024px) 100vw, 1024px\" \/><\/a><\/figure><div class=\"elementor-image-box-content\"><h3 class=\"elementor-image-box-title\"><a href=\"https:\/\/polyfex.de\/en\/polyfex-5000\/\">POLYFEX 5000<\/a><\/h3><\/div><\/div>\t\t\t\t<\/div>\n\t\t\t\t<\/div>\n\t\t\t\t\t<\/div>\n\t\t\t\t<\/div>\n\t\t<div class=\"elementor-element elementor-element-2db6a86 e-flex e-con-boxed e-con e-parent\" data-id=\"2db6a86\" data-element_type=\"container\" data-e-type=\"container\">\n\t\t\t\t\t<div class=\"e-con-inner\">\n\t\t\t\t<div class=\"elementor-element elementor-element-11b60ed elementor-widget elementor-widget-heading\" data-id=\"11b60ed\" data-element_type=\"widget\" data-e-type=\"widget\" data-widget_type=\"heading.default\">\n\t\t\t\t<div class=\"elementor-widget-container\">\n\t\t\t\t\t<h2 class=\"elementor-heading-title elementor-size-default\">High-pressure spray guns for industrial surface treatment<\/h2>\t\t\t\t<\/div>\n\t\t\t\t<\/div>\n\t\t\t\t\t<\/div>\n\t\t\t\t<\/div>\n\t\t<div class=\"elementor-element elementor-element-2c3226a e-flex e-con-boxed e-con e-parent\" data-id=\"2c3226a\" data-element_type=\"container\" data-e-type=\"container\">\n\t\t\t\t\t<div class=\"e-con-inner\">\n\t\t\t\t<div class=\"elementor-element elementor-element-fed5b2e elementor-widget elementor-widget-text-editor\" data-id=\"fed5b2e\" data-element_type=\"widget\" data-e-type=\"widget\" data-widget_type=\"text-editor.default\">\n\t\t\t\t<div class=\"elementor-widget-container\">\n\t\t\t\t\t\t\t\t\t<p data-start=\"293\" data-end=\"569\" class=\"translation-block\">Polyfex high-pressure spray guns enable uniform and efficient surface finishing in industrial processes. They are designed for continuous use under demanding conditions and ensure reliable results in series production.<\/p><p data-start=\"571\" data-end=\"702\">The systems are particularly suited for applications in metalworking, mechanical engineering, and automotive manufacturing.<\/p><p data-start=\"704\" data-end=\"858\">Based on the proven <strong>PoliPower technology,<\/strong> the polishing guns rely on established standards and deliver consistently high processing quality.<\/p><p data-start=\"860\" data-end=\"1014\">Thanks to their compatibility with common systems such as HDP-II and PoliSpray 2, the devices can be easily integrated into existing production processes.<\/p><p data-start=\"1016\" data-end=\"1132\"><strong data-start=\"1016\" data-end=\"1059\">Developed and manufactured in Germany,<\/strong>the systems stand for the highest levels of precision, quality, and reliability.<\/p><p data-start=\"1134\" data-end=\"1283\">The long-term availability of all essential spare parts ensures high system uptime and minimizes downtime.<\/p><p data-start=\"67\" data-end=\"504\">\u00a0<\/p>\t\t\t\t\t\t\t\t<\/div>\n\t\t\t\t<\/div>\n\t\t\t\t\t<\/div>\n\t\t\t\t<\/div>\n\t\t\t\t<\/div>","protected":false},"excerpt":{"rendered":"<p>POLYFEX 2000 POLYFEX 3000 POLYFEX 5000 POLYFEX 2000 POLYFEX 3000 POLYFEX 5000 Hochdruck-Polierpistolen f\u00fcr industrielle Oberfl\u00e4chenbearbeitung Polyfex Hochdruck-Polierpistolen erm\u00f6glichen eine gleichm\u00e4\u00dfige und effiziente Oberfl\u00e4chenbearbeitung in industriellen Prozessen. Sie sind f\u00fcr den dauerhaften Einsatz unter anspruchsvollen Bedingungen konzipiert und gew\u00e4hrleisten zuverl\u00e4ssige Ergebnisse in der Serienfertigung. Die Systeme eignen sich insbesondere f\u00fcr Anwendungen in der Metallverarbeitung, im [&hellip;]<\/p>\n","protected":false},"author":1,"featured_media":0,"parent":0,"menu_order":0,"comment_status":"closed","ping_status":"closed","template":"elementor_header_footer","meta":{"site-sidebar-layout":"no-sidebar","site-content-layout":"page-builder","ast-site-content-layout":"full-width-container","site-content-style":"default","site-sidebar-style":"default","ast-global-header-display":"","ast-banner-title-visibility":"","ast-main-header-display":"","ast-hfb-above-header-display":"","ast-hfb-below-header-display":"","ast-hfb-mobile-header-display":"","site-post-title":"","ast-breadcrumbs-content":"","ast-featured-img":"disabled","footer-sml-layout":"","ast-disable-related-posts":"","theme-transparent-header-meta":"","adv-header-id-meta":"","stick-header-meta":"","header-above-stick-meta":"","header-main-stick-meta":"","header-below-stick-meta":"","astra-migrate-meta-layouts":"set","ast-page-background-enabled":"default","ast-page-background-meta":{"desktop":{"background-color":"","background-image":"","background-repeat":"repeat","background-position":"center center","background-size":"auto","background-attachment":"scroll","background-type":"","background-media":"","overlay-type":"","overlay-color":"","overlay-opacity":"","overlay-gradient":""},"tablet":{"background-color":"","background-image":"","background-repeat":"repeat","background-position":"center center","background-size":"auto","background-attachment":"scroll","background-type":"","background-media":"","overlay-type":"","overlay-color":"","overlay-opacity":"","overlay-gradient":""},"mobile":{"background-color":"","background-image":"","background-repeat":"repeat","background-position":"center center","background-size":"auto","background-attachment":"scroll","background-type":"","background-media":"","overlay-type":"","overlay-color":"","overlay-opacity":"","overlay-gradient":""}},"ast-content-background-meta":{"desktop":{"background-color":"var(--ast-global-color-5)","background-image":"","background-repeat":"repeat","background-position":"center center","background-size":"auto","background-attachment":"scroll","background-type":"","background-media":"","overlay-type":"","overlay-color":"","overlay-opacity":"","overlay-gradient":""},"tablet":{"background-color":"var(--ast-global-color-5)","background-image":"","background-repeat":"repeat","background-position":"center center","background-size":"auto","background-attachment":"scroll","background-type":"","background-media":"","overlay-type":"","overlay-color":"","overlay-opacity":"","overlay-gradient":""},"mobile":{"background-color":"var(--ast-global-color-5)","background-image":"","background-repeat":"repeat","background-position":"center center","background-size":"auto","background-attachment":"scroll","background-type":"","background-media":"","overlay-type":"","overlay-color":"","overlay-opacity":"","overlay-gradient":""}},"footnotes":""},"class_list":["post-1754","page","type-page","status-publish","hentry"],"_links":{"self":[{"href":"https:\/\/polyfex.de\/en\/wp-json\/wp\/v2\/pages\/1754","targetHints":{"allow":["GET"]}}],"collection":[{"href":"https:\/\/polyfex.de\/en\/wp-json\/wp\/v2\/pages"}],"about":[{"href":"https:\/\/polyfex.de\/en\/wp-json\/wp\/v2\/types\/page"}],"author":[{"embeddable":true,"href":"https:\/\/polyfex.de\/en\/wp-json\/wp\/v2\/users\/1"}],"replies":[{"embeddable":true,"href":"https:\/\/polyfex.de\/en\/wp-json\/wp\/v2\/comments?post=1754"}],"version-history":[{"count":106,"href":"https:\/\/polyfex.de\/en\/wp-json\/wp\/v2\/pages\/1754\/revisions"}],"predecessor-version":[{"id":2216,"href":"https:\/\/polyfex.de\/en\/wp-json\/wp\/v2\/pages\/1754\/revisions\/2216"}],"wp:attachment":[{"href":"https:\/\/polyfex.de\/en\/wp-json\/wp\/v2\/media?parent=1754"}],"curies":[{"name":"wp","href":"https:\/\/api.w.org\/{rel}","templated":true}]}}