{"id":1761,"date":"2026-04-09T14:13:34","date_gmt":"2026-04-09T14:13:34","guid":{"rendered":"https:\/\/polyfex.de\/?page_id=1761"},"modified":"2026-04-14T14:02:13","modified_gmt":"2026-04-14T14:02:13","slug":"ueber-polyfex","status":"publish","type":"page","link":"https:\/\/polyfex.de\/en\/ueber-polyfex\/","title":{"rendered":"About Polyfex"},"content":{"rendered":"<div data-elementor-type=\"wp-page\" data-elementor-id=\"1761\" class=\"elementor elementor-1761\">\n\t\t\t\t<div class=\"elementor-element elementor-element-6dacf2e e-flex e-con-boxed e-con e-parent\" data-id=\"6dacf2e\" data-element_type=\"container\" data-e-type=\"container\">\n\t\t\t\t\t<div class=\"e-con-inner\">\n\t\t\t\t\t\t\t<h3 \n\t\tdata-interaction-id=\"15fe724\" \n\t\tclass=\"e-15fe724-9672a01 e-heading-base\" \n\t\t \n\t\t\n\t>\n\t\n\t\t\tAbout Polyfex\n\t\t<\/h3>\n\t\t\t\t\t\t\t\t<p class=\"e-3a7672e-527c017 e-paragraph-base translation-block\" data-interaction-id=\"3a7672e\"  >Polyfex builds on the proven technology and expertise of PoliPower and continues the tradition of manufacturing high-pressure polishing guns. Based in Hemer, Germany, we stand for quality, reliability, and practical solutions in the field of surface finishing. Our goal is to provide our customers with high-performance products and excellent service\u2014built on the experience and expertise that PoliPower has developed over many years.<\/p>\n\t\t\t\t\t<\/div>\n\t\t\t\t<\/div>\n\t\t\t\t<\/div>","protected":false},"excerpt":{"rendered":"<p>\u00dcber Polyfex Polyfex basiert auf der bew\u00e4hrten Technologie und Erfahrung von PoliPower und setzt die Tradition in der Herstellung von Hochdruck-Polierpistolen fort. Mit Sitz in Hemer, Deutschland, stehen wir f\u00fcr Qualit\u00e4t, Zuverl\u00e4ssigkeit und praxisnahe L\u00f6sungen im Bereich Oberfl\u00e4chenbearbeitung. Unser Ziel ist es, unseren Kunden leistungsstarke Produkte und exzellenten Service zu bieten \u2013 basierend auf der [&hellip;]<\/p>\n","protected":false},"author":1,"featured_media":0,"parent":0,"menu_order":0,"comment_status":"closed","ping_status":"closed","template":"elementor_header_footer","meta":{"site-sidebar-layout":"no-sidebar","site-content-layout":"page-builder","ast-site-content-layout":"full-width-container","site-content-style":"default","site-sidebar-style":"default","ast-global-header-display":"","ast-banner-title-visibility":"","ast-main-header-display":"","ast-hfb-above-header-display":"","ast-hfb-below-header-display":"","ast-hfb-mobile-header-display":"","site-post-title":"","ast-breadcrumbs-content":"","ast-featured-img":"disabled","footer-sml-layout":"","ast-disable-related-posts":"","theme-transparent-header-meta":"","adv-header-id-meta":"","stick-header-meta":"","header-above-stick-meta":"","header-main-stick-meta":"","header-below-stick-meta":"","astra-migrate-meta-layouts":"set","ast-page-background-enabled":"default","ast-page-background-meta":{"desktop":{"background-color":"","background-image":"","background-repeat":"repeat","background-position":"center center","background-size":"auto","background-attachment":"scroll","background-type":"","background-media":"","overlay-type":"","overlay-color":"","overlay-opacity":"","overlay-gradient":""},"tablet":{"background-color":"","background-image":"","background-repeat":"repeat","background-position":"center center","background-size":"auto","background-attachment":"scroll","background-type":"","background-media":"","overlay-type":"","overlay-color":"","overlay-opacity":"","overlay-gradient":""},"mobile":{"background-color":"","background-image":"","background-repeat":"repeat","background-position":"center center","background-size":"auto","background-attachment":"scroll","background-type":"","background-media":"","overlay-type":"","overlay-color":"","overlay-opacity":"","overlay-gradient":""}},"ast-content-background-meta":{"desktop":{"background-color":"var(--ast-global-color-5)","background-image":"","background-repeat":"repeat","background-position":"center center","background-size":"auto","background-attachment":"scroll","background-type":"","background-media":"","overlay-type":"","overlay-color":"","overlay-opacity":"","overlay-gradient":""},"tablet":{"background-color":"var(--ast-global-color-5)","background-image":"","background-repeat":"repeat","background-position":"center center","background-size":"auto","background-attachment":"scroll","background-type":"","background-media":"","overlay-type":"","overlay-color":"","overlay-opacity":"","overlay-gradient":""},"mobile":{"background-color":"var(--ast-global-color-5)","background-image":"","background-repeat":"repeat","background-position":"center center","background-size":"auto","background-attachment":"scroll","background-type":"","background-media":"","overlay-type":"","overlay-color":"","overlay-opacity":"","overlay-gradient":""}},"footnotes":""},"class_list":["post-1761","page","type-page","status-publish","hentry"],"_links":{"self":[{"href":"https:\/\/polyfex.de\/en\/wp-json\/wp\/v2\/pages\/1761","targetHints":{"allow":["GET"]}}],"collection":[{"href":"https:\/\/polyfex.de\/en\/wp-json\/wp\/v2\/pages"}],"about":[{"href":"https:\/\/polyfex.de\/en\/wp-json\/wp\/v2\/types\/page"}],"author":[{"embeddable":true,"href":"https:\/\/polyfex.de\/en\/wp-json\/wp\/v2\/users\/1"}],"replies":[{"embeddable":true,"href":"https:\/\/polyfex.de\/en\/wp-json\/wp\/v2\/comments?post=1761"}],"version-history":[{"count":31,"href":"https:\/\/polyfex.de\/en\/wp-json\/wp\/v2\/pages\/1761\/revisions"}],"predecessor-version":[{"id":2184,"href":"https:\/\/polyfex.de\/en\/wp-json\/wp\/v2\/pages\/1761\/revisions\/2184"}],"wp:attachment":[{"href":"https:\/\/polyfex.de\/en\/wp-json\/wp\/v2\/media?parent=1761"}],"curies":[{"name":"wp","href":"https:\/\/api.w.org\/{rel}","templated":true}]}}