{"id":1772,"date":"2026-04-09T14:14:40","date_gmt":"2026-04-09T14:14:40","guid":{"rendered":"https:\/\/polyfex.de\/?page_id=1772"},"modified":"2026-04-12T20:15:55","modified_gmt":"2026-04-12T20:15:55","slug":"datenschutzerklaerung","status":"publish","type":"page","link":"https:\/\/polyfex.de\/en\/datenschutzerklaerung\/","title":{"rendered":"Privacy Policy"},"content":{"rendered":"<div data-elementor-type=\"wp-page\" data-elementor-id=\"1772\" class=\"elementor elementor-1772\">\n\t\t\t\t\t\t<div class=\"elementor-element elementor-element-3c069e0 e-con e-atomic-element e-flexbox-base e-3c069e0-3a1d886\" data-id=\"3c069e0\" data-element_type=\"e-flexbox\" data-e-type=\"e-flexbox\" data-interaction-id=\"3c069e0\">\n\t\t\t\t\t\t\t\t<p class=\"e-f258e97-8b71905 e-paragraph-base\" data-interaction-id=\"f258e97\"  >\n\t\t\t\t\t\t\t\tDear visitors, thank you for visiting our website. We are committed to ensuring that you feel secure and comfortable while using our services. The protection of your privacy is of utmost importance to us. This privacy policy is designed to inform you about our practices regarding the collection, use, and disclosure of personal data.<br><br><strong>Data Controller<\/strong><br>Polyfex<br>Proprietor: A.Kivrak<br>Oesestra\u00dfe 68<br>58675 Hemer<br>info@polyfex.de<br><br><strong>Usage information<\/strong><br>In order to improve the quality and functionality of our website and, where applicable, to support criminal prosecution, we store data on individual access to our pages for statistical purposes.\n\nThis dataset includes:\n\nthe page from which the file was requested\nthe name of the file\nthe date and time of the request\nthe amount of data transferred\nthe access status (file transferred, file not found)\na description of the type of web browser used\nthe IP address of the requesting computer\n\nThe legal basis for this data processing is Article 6(1)(f) GDPR (legitimate interests of the controller). The purposes stated above also constitute the legitimate interest pursuant to Article 6(1)(f) GDPR.<br><br><strong>Webfonts<\/strong><br>This website uses web fonts (e.g. Google Fonts, Adobe Typekit, Fonts.com), which may not be installed on your device. For this purpose, we access font libraries.\n\nWhen you access our website, web fonts are loaded from a server (e.g. Google or Adobe). In this process, the IP address of the visitor may be transmitted to the respective provider (e.g. Google or Adobe \u2013 Adobe Systems Inc., San Jose, California, USA).\n\nThe legal basis for this processing is Article 6(1)(f) GDPR (legitimate interests of the controller). The website operator has a legitimate interest in a clear, structured, and visually appealing presentation of text and content (usability).<br><br><strong>Right to confirmation<\/strong><br>a) Right to confirmation<br>Every data subject has the right to obtain confirmation as to whether personal data concerning them is being processed.<br><br>b) Right of access (Art. 15 GDPR)<br>Every data subject has the right to obtain, free of charge, information about the personal data stored about them and a copy of this information.<br><br>c) Right to rectification (Art. 16 GDPR)<br>The data subject has the right to request the immediate correction of inaccurate personal data.<br><br>d) Right to erasure (\u201cright to be forgotten\u201d) (Art. 17 GDPR)<br>Every data subject has the right to request the deletion of personal data concerning them without undue delay, provided one of the legal grounds applies and processing is not required<br><br>e) Right to restriction of processing (Art. 18 GDPR)<br>Every data subject has the right to request restriction of processing where one of the legal conditions is met.<br><br>f) Right to data portability (Art. 20 GDPR)<br>Every data subject has the right to receive personal data concerning them in a structured, commonly used, and machine-readable format and to transmit that data to another controller, provided processing is based on consent or contract and carried out by automated means.<br>They also have the right to have personal data transmitted directly from one controller to another, where technically feasible and where this does not adversely affect the rights and freedoms of others.<br><br>g) Right to withdraw consent (Art. 7 GDPR)<br>Every data subject has the right to withdraw consent at any time, where processing is based on consent. The withdrawal does not affect the lawfulness of processing carried out before the withdrawal.<br><br><strong>h) Right to object (Art. 21 GDPR)<br>Every data subject has the right to object, on grounds relating to their particular situation, to the processing of personal data based on Article 6(1)(e) or (f) GDPR. This also applies to profiling.<br>Where personal data is processed for direct marketing purposes, the data subject has the right to object at any time to such processing, including profiling related to such marketing.<\/strong><br><strong><br><\/strong>i) Automated decision-making, including profiling (Art. 22 GDPR)<br>Every data subject has the right not to be subject to a decision based solely on automated processing\u2014including profiling\u2014which produces legal effects or similarly significant effects<br><br>This does not apply if the decision:\n\n1. is necessary for entering into or performing a contract<br>2. is authorized by EU or Member State law with appropriate safeguards<br>3. is based on explicit consent\n\nIn such cases, appropriate measures are taken to safeguard the rights and freedoms of the data subject, including the right to obtain human intervention, express their point of view, and contest the decision.<br><br><br><strong>Third-Party Content<\/strong><br>Our website may include content from third parties (e.g. YouTube videos, Google Maps, RSS feeds, etc.).\n\nThese providers typically store cookies on users\u2019 devices. You can prevent this by adjusting your browser settings; however, this may result in such content not being displayed correctly.\n\nAdditionally, many third-party providers store IP addresses to deliver content to users\u2019 browsers. We have no control over how third parties use IP addresses.<br><br><strong>Right to Lodge a Complaint with a Supervisory Authority<\/strong><br>In the event of data protection violations, the data subject has the right to lodge a complaint with the competent supervisory authority.\n\nThe competent authority is the data protection officer of the federal state in which our company is based.\n\nA list of supervisory authorities can be found here: <a target=\"_blank\" href=\"https:\/\/www.bfdi.bund.de\/DE\/Infothek\/Anschriften_Links\/anschriften_links-node.html\">https:\/\/www.bfdi.bund.de\/DE\/Infothek\/Anschriften_Links\/anschriften_links-node.html<\/a>.\n\t\t\t\t\t<\/p>\n\t\t\t\t<\/div>\n\t\t\t\t<\/div>","protected":false},"excerpt":{"rendered":"<p>Sehr geehrte Besucherinnen und Besucher, wir freuen uns \u00fcber Ihren Besuch auf unseren Webseiten. Wir m\u00f6chten, dass Sie sich hierbei sicher und wohl f\u00fchlen. Der Schutz Ihrer Privatsph\u00e4re hat f\u00fcr uns einen hohen Stellenwert. Die folgenden Datenschutzbestimmungen sind daf\u00fcr gedacht, Sie \u00fcber unsere Handhabung der Erhebung, Verwendung und Weitergabe von pers\u00f6nlichen Daten zu informieren. Verantwortliche [&hellip;]<\/p>\n","protected":false},"author":1,"featured_media":0,"parent":0,"menu_order":0,"comment_status":"closed","ping_status":"closed","template":"elementor_header_footer","meta":{"site-sidebar-layout":"no-sidebar","site-content-layout":"page-builder","ast-site-content-layout":"full-width-container","site-content-style":"default","site-sidebar-style":"default","ast-global-header-display":"","ast-banner-title-visibility":"","ast-main-header-display":"","ast-hfb-above-header-display":"","ast-hfb-below-header-display":"","ast-hfb-mobile-header-display":"","site-post-title":"disabled","ast-breadcrumbs-content":"","ast-featured-img":"disabled","footer-sml-layout":"","ast-disable-related-posts":"","theme-transparent-header-meta":"","adv-header-id-meta":"","stick-header-meta":"","header-above-stick-meta":"","header-main-stick-meta":"","header-below-stick-meta":"","astra-migrate-meta-layouts":"set","ast-page-background-enabled":"default","ast-page-background-meta":{"desktop":{"background-color":"","background-image":"","background-repeat":"repeat","background-position":"center center","background-size":"auto","background-attachment":"scroll","background-type":"","background-media":"","overlay-type":"","overlay-color":"","overlay-opacity":"","overlay-gradient":""},"tablet":{"background-color":"","background-image":"","background-repeat":"repeat","background-position":"center center","background-size":"auto","background-attachment":"scroll","background-type":"","background-media":"","overlay-type":"","overlay-color":"","overlay-opacity":"","overlay-gradient":""},"mobile":{"background-color":"","background-image":"","background-repeat":"repeat","background-position":"center center","background-size":"auto","background-attachment":"scroll","background-type":"","background-media":"","overlay-type":"","overlay-color":"","overlay-opacity":"","overlay-gradient":""}},"ast-content-background-meta":{"desktop":{"background-color":"var(--ast-global-color-5)","background-image":"","background-repeat":"repeat","background-position":"center center","background-size":"auto","background-attachment":"scroll","background-type":"","background-media":"","overlay-type":"","overlay-color":"","overlay-opacity":"","overlay-gradient":""},"tablet":{"background-color":"var(--ast-global-color-5)","background-image":"","background-repeat":"repeat","background-position":"center center","background-size":"auto","background-attachment":"scroll","background-type":"","background-media":"","overlay-type":"","overlay-color":"","overlay-opacity":"","overlay-gradient":""},"mobile":{"background-color":"var(--ast-global-color-5)","background-image":"","background-repeat":"repeat","background-position":"center center","background-size":"auto","background-attachment":"scroll","background-type":"","background-media":"","overlay-type":"","overlay-color":"","overlay-opacity":"","overlay-gradient":""}},"footnotes":""},"class_list":["post-1772","page","type-page","status-publish","hentry"],"_links":{"self":[{"href":"https:\/\/polyfex.de\/en\/wp-json\/wp\/v2\/pages\/1772","targetHints":{"allow":["GET"]}}],"collection":[{"href":"https:\/\/polyfex.de\/en\/wp-json\/wp\/v2\/pages"}],"about":[{"href":"https:\/\/polyfex.de\/en\/wp-json\/wp\/v2\/types\/page"}],"author":[{"embeddable":true,"href":"https:\/\/polyfex.de\/en\/wp-json\/wp\/v2\/users\/1"}],"replies":[{"embeddable":true,"href":"https:\/\/polyfex.de\/en\/wp-json\/wp\/v2\/comments?post=1772"}],"version-history":[{"count":13,"href":"https:\/\/polyfex.de\/en\/wp-json\/wp\/v2\/pages\/1772\/revisions"}],"predecessor-version":[{"id":2138,"href":"https:\/\/polyfex.de\/en\/wp-json\/wp\/v2\/pages\/1772\/revisions\/2138"}],"wp:attachment":[{"href":"https:\/\/polyfex.de\/en\/wp-json\/wp\/v2\/media?parent=1772"}],"curies":[{"name":"wp","href":"https:\/\/api.w.org\/{rel}","templated":true}]}}